{"id":5138,"date":"2024-12-02T21:06:12","date_gmt":"2024-12-02T21:06:12","guid":{"rendered":"https:\/\/izalcorp.com\/servicios-2024\/"},"modified":"2025-01-16T20:04:38","modified_gmt":"2025-01-16T20:04:38","slug":"servicios","status":"publish","type":"page","link":"https:\/\/izalcorp.com\/es\/servicios\/","title":{"rendered":"Servicios"},"content":{"rendered":"\n\n\t<h1>Servicios<\/h1>\n\t<h4>NUESTROS SERVICIOS<\/h4>\n<h3>Nunca es demasiado tarde para encontrar lo que te conviene<\/h3>\n\t<p><img decoding=\"async\" src=\"https:\/\/izalcorp.com\/wp-content\/uploads\/2024\/12\/schedule1.png\" width=\"60\" \/><\/p>\n<h3>Estrategias de Marketing<\/h3>\nAn\u00e1lisis Empresarial<br \/>\nEstudios de Mercado<br \/>\nPlan de Empresa<br \/>\nEstrategia Log\u00edstica<br \/>\nEstrategias de Ventas<br \/>\nSeguimiento y Control\n\t<p><img decoding=\"async\" src=\"https:\/\/izalcorp.com\/wp-content\/uploads\/2024\/12\/schedule2.png\" width=\"60\" \/><\/p>\n<h3>Desarrollo Web<\/h3>\nDesarrollo de p\u00e1ginas web<br \/>\nDise\u00f1o de p\u00e1ginas web<br \/>\nPrototipo de p\u00e1ginas web<br \/>\nOptimizaci\u00f3n de p\u00e1ginas web<br \/>\nDominios y alojamiento web<br \/>\nMantenimiento de p\u00e1ginas web\n\t<p><img decoding=\"async\" src=\"https:\/\/izalcorp.com\/wp-content\/uploads\/2024\/12\/schedule3.png\" width=\"60\" \/><\/p>\n<h3>Redes Sociales<\/h3>\nCommunity Manager<br \/>\nPublicidad en Redes Sociales<br \/>\nPlan de Contenidos<br \/>\nCreaci\u00f3n de Copies y dise\u00f1os<br \/>\nInforme de An\u00e1lisis\n\t<p><img decoding=\"async\" src=\"https:\/\/izalcorp.com\/wp-content\/uploads\/2024\/12\/schedule4.png\" width=\"60\" \/><\/p>\n<h3>Estrategia Digital<\/h3>\nPosicionamiento SEO<br \/>\nGesti\u00f3n de campa\u00f1as<br \/>\nSeguimiento de canales<br \/>\nCreaci\u00f3n de contenidos<br \/>\nReporte y an\u00e1lisis\n\t<p><img decoding=\"async\" src=\"https:\/\/izalcorp.com\/wp-content\/uploads\/2024\/12\/schedule5.png\" width=\"60\" \/><\/p>\n<h3>Dise\u00f1o Gr\u00e1fico<\/h3>\nTarjetas de presentaci\u00f3n<br \/>\nCat\u00e1logo de productos<br \/>\nFotograf\u00eda<br \/>\nProducci\u00f3n de v\u00eddeo<br \/>\nElementos gr\u00e1ficos\n\t<p><img decoding=\"async\" src=\"https:\/\/izalcorp.com\/wp-content\/uploads\/2024\/12\/schedule6.png\" width=\"60\" \/><\/p>\n<h3>Branding<\/h3>\nCreaci\u00f3n del logotipo<br \/>\nManual de la marca<br \/>\nPsicolog\u00eda del color<br \/>\nAn\u00e1lisis de la marca<br \/>\nRenovaci\u00f3n de la marca\n    <a href=\"https:\/\/izalcorp.com\/about-us\/\">Cont\u00e1ctanos<\/a>\n    <a href=\"https:\/\/izalcorp.com\/es\/asesoria-gratuita\/\">\u00a1Obt\u00e9n tu asesor\u00eda gratuita!<\/a>\n<img decoding=\"async\" src=\"https:\/\/izalcorp.com\/wp-content\/uploads\/2025\/01\/Izalcorp-Services-Imgs.png\" alt=\"servicio_de_ingenieria\"\/>\n<ul>\n \t<li><img decoding=\"async\" src=\"https:\/\/izalcorp.com\/wp-content\/uploads\/2024\/12\/circle.png\"\/>  Soporte t\u00e9cnico<\/li>\n \t<li><img decoding=\"async\" src=\"https:\/\/izalcorp.com\/wp-content\/uploads\/2024\/12\/circle.png\"\/>  Equipo capacitado<\/li>\n \t<li><img decoding=\"async\" src=\"https:\/\/izalcorp.com\/wp-content\/uploads\/2024\/12\/circle.png\"\/>  Dise\u00f1o<\/li>\n \t<li><img decoding=\"async\" src=\"https:\/\/izalcorp.com\/wp-content\/uploads\/2024\/12\/circle.png\"\/>  Desarrollo<\/li>\n \t<li><img decoding=\"async\" src=\"https:\/\/izalcorp.com\/wp-content\/uploads\/2024\/12\/circle.png\"\/>  Aplicaci\u00f3n<\/li>\n \t<li><img decoding=\"async\" src=\"https:\/\/izalcorp.com\/wp-content\/uploads\/2024\/12\/circle.png\"\/>  Soluciones de ingenier\u00eda<\/li>\n<\/ul>\n<h3>Servicio de Ingenier\u00eda<\/h3>\nEstamos preparados para apoyarte en ingenier\u00eda. Nuestro equipo de ingenieros altamente cualificados est\u00e1 listo para ayudarte a dise\u00f1ar, desarrollar e implementar tus necesidades.\n<a href=\"https:\/\/izalcorp.com\/es\/contactanos\/\">Inicia Ahora<\/a>\n<img decoding=\"async\" src=\"https:\/\/izalcorp.com\/wp-content\/uploads\/2024\/12\/Mask-Group-10.png\" alt=\"\"\/>\n<ul>\n \t<li><img decoding=\"async\" src=\"https:\/\/izalcorp.com\/wp-content\/uploads\/2024\/12\/circle.png\"\/>  Comunicaci\u00f3n con el cliente<\/li>\n \t<li><img decoding=\"async\" src=\"https:\/\/izalcorp.com\/wp-content\/uploads\/2024\/12\/circle.png\"\/>  Provisi\u00f3n de soluciones\n<\/li>\n \t<li><img decoding=\"async\" src=\"https:\/\/izalcorp.com\/wp-content\/uploads\/2024\/12\/circle.png\"\/>  Servicios de Recaudaci\u00f3n\n<\/li>\n \t<li><img decoding=\"async\" src=\"https:\/\/izalcorp.com\/wp-content\/uploads\/2024\/12\/circle.png\"\/>  Apoyo fiable\n<\/li>\n \t<li><img decoding=\"async\" src=\"https:\/\/izalcorp.com\/wp-content\/uploads\/2024\/12\/circle.png\"\/>  Resoluci\u00f3n de problemas\n<\/li>\n \t<li><img decoding=\"async\" src=\"https:\/\/izalcorp.com\/wp-content\/uploads\/2024\/12\/circle.png\"\/>  Interfaz de cliente<\/li>\n<\/ul>\n<h3>Atenci\u00f3n al cliente<\/h3>\nSi tu empresa necesita a alguien que se encargue de hablar con tus clientes, darles soluciones, hacer un servicio de cobranza o m\u00e1s, Izalcorp puede ayudarte.\n<a href=\"https:\/\/izalcorp.com\/es\/contactanos\/\">Inicia Ahora<\/a>\n<img decoding=\"async\" src=\"https:\/\/izalcorp.com\/wp-content\/uploads\/2024\/12\/Mask-Group-11.png\" alt=\"\"\/>\n<ul>\n \t<li><img decoding=\"async\" src=\"https:\/\/izalcorp.com\/wp-content\/uploads\/2024\/12\/circle.png\"\/>  Adaptabilidad<\/li>\n \t<li><img decoding=\"async\" src=\"https:\/\/izalcorp.com\/wp-content\/uploads\/2024\/12\/circle.png\"\/>  Cultivo del plomo\n<\/li>\n \t<li><img decoding=\"async\" src=\"https:\/\/izalcorp.com\/wp-content\/uploads\/2024\/12\/circle.png\"\/>  Venta Activa<\/li>\n \t<li><img decoding=\"async\" src=\"https:\/\/izalcorp.com\/wp-content\/uploads\/2024\/12\/circle.png\"\/>  Apoyo integral\n<\/li>\n \t<li><img decoding=\"async\" src=\"https:\/\/izalcorp.com\/wp-content\/uploads\/2024\/12\/circle.png\"\/>  Enfoque proactivo\n<\/li>\n \t<li><img decoding=\"async\" src=\"https:\/\/izalcorp.com\/wp-content\/uploads\/2024\/12\/circle.png\"\/>  Enfoque centrado en el cliente<\/li>\n<\/ul>\n<h3>Representantes de Ventas<\/h3>\nNuestro equipo de ventas, altamente cualificado y adaptable, est\u00e1 preparado para apoyar las necesidades de tu empresa mediante el cultivo de clientes potenciales, la venta activa o cualquier otro proceso en el que necesites ayuda.\n<a href=\"https:\/\/izalcorp.com\/es\/contactanos\/\">Inicia Ahora<\/a>\n<img decoding=\"async\" src=\"https:\/\/izalcorp.com\/wp-content\/uploads\/2024\/12\/Mask-Group-12.png\" alt=\"\"\/>\n<ul>\n \t<li><img decoding=\"async\" src=\"https:\/\/izalcorp.com\/wp-content\/uploads\/2024\/12\/circle.png\"\/>  Mejora de la eficacia<\/li>\n \t<li><img decoding=\"async\" src=\"https:\/\/izalcorp.com\/wp-content\/uploads\/2024\/12\/circle.png\"\/>  Variedad de tareas\n<\/li>\n \t<li><img decoding=\"async\" src=\"https:\/\/izalcorp.com\/wp-content\/uploads\/2024\/12\/circle.png\"\/>  Disponibilidad a la carta\n<\/li>\n \t<li><img decoding=\"async\" src=\"https:\/\/izalcorp.com\/wp-content\/uploads\/2024\/12\/circle.png\"\/>  Experiencia profesional\n<\/li>\n \t<li><img decoding=\"async\" src=\"https:\/\/izalcorp.com\/wp-content\/uploads\/2024\/12\/circle.png\"\/>  Asistencia polifac\u00e9tica<\/li>\n<\/ul>\n<h3>Asistente Administrativo<\/h3>\n\u00bfTienes mucho trabajo? Los asistentes administrativos de Izalcorp est\u00e1n aqu\u00ed para proporcionarte el apoyo que necesitas para ser m\u00e1s eficiente. \u00a1Estamos disponibles cuando nos necesites!  \n<a href=\"https:\/\/izalcorp.com\/es\/contactanos\/\">Inicia Ahora<\/a>\n\t<h3>Preguntas frecuentes<\/h3>\n<p>Superar los retos es la clave del \u00e9xito. Deja que Izalcorp trabaje contigo para superar esos retos y guiarte al \u00e9xito.<\/p>\nLl\u00e1manos: <a href=\"callto:50378355541\">+503 7835-5541<\/a><br \/>\nO env\u00edanos un correo electr\u00f3nico: <a href=\"mailto:amartinez@izalcorp.com\">amartinez@izalcorp.com<\/a>\n\t<p><a href=\"https:\/\/izalcorp.com\/es\/contactanos\/\">Inicia Ahora<\/a><\/p>\n\t\t\t\t\t<a href=\"#\" id=\"fl-accordion--label-0\" tabindex=\"0\" aria-controls=\"fl-accordion--panel-0\">01. \u00bfD\u00f3nde puedo encontrar m\u00e1s informaci\u00f3n?<\/a>\n\t\t\t\t\t\t\t\t\t\t\t<a href=\"#\" id=\"fl-accordion--icon-0\" tabindex=\"-1\"><i title=\"Expand\">Expand<\/i><\/a>\n\t\t\t\t\t<p>Puedes ponerte en contacto con nosotros por tel\u00e9fono, correo electr\u00f3nico o WhatsApp, dejar un mensaje en nuestros canales de las redes sociales o simplemente rellenar el <a href=\"https:\/\/izalcorp.com\/es\/contactanos\/\">formulario de contacto<\/a>.<\/p>\n\t\t\t\t\t<a href=\"#\" id=\"fl-accordion--label-1\" tabindex=\"0\" aria-controls=\"fl-accordion--panel-1\">02. C\u00f3mo adquiero un servicio<\/a>\n\t\t\t\t\t\t\t\t\t\t\t<a href=\"#\" id=\"fl-accordion--icon-1\" tabindex=\"-1\"><i title=\"Expand\">Expand<\/i><\/a>\n\t\t\t\t\t<p>Env\u00edanos un correo electr\u00f3nico a <a href=\"mailto:amartinez@izalcorp.com\" rel=\"noopener\">amartinez@izalcorp.com<\/a> y dinos qu\u00e9 servicio, paquete o soluci\u00f3n espec\u00edfica buscas. Nos pondremos en contacto contigo. Si te interesa una consulta gratuita, <a href=\"https:\/\/izalcorp.com\/es\/asesoria-gratuita\/\">progr\u00e1mala<\/a> y facil\u00edtanos tus datos de contacto para que podamos atender tus necesidades y ayudarte a mejorar tu empresa.<\/p>\n\t\t\t\t\t<a href=\"#\" id=\"fl-accordion--label-2\" tabindex=\"0\" aria-controls=\"fl-accordion--panel-2\">03. \u00bfCu\u00e1les son las opciones y planes de pago?<\/a>\n\t\t\t\t\t\t\t\t\t\t\t<a href=\"#\" id=\"fl-accordion--icon-2\" tabindex=\"-1\"><i title=\"Expand\">Expand<\/i><\/a>\n\t\t\t\t\t<p>Ofrecemos m\u00faltiples opciones de pago, incluidas transferencias bancarias y un enlace de pago para tarjetas de d\u00e9bito y cr\u00e9dito. Elige el m\u00e9todo que m\u00e1s te convenga y te enviaremos un recibo por correo electr\u00f3nico. Tambi\u00e9n proporcionamos facturas electr\u00f3nicas.<\/p>\n\t\t\t\t\t<a href=\"#\" id=\"fl-accordion--label-3\" tabindex=\"0\" aria-controls=\"fl-accordion--panel-3\">04. \u00bfIzalcorp puede brindar servicios fuera de Estados Unidos?<\/a>\n\t\t\t\t\t\t\t\t\t\t\t<a href=\"#\" id=\"fl-accordion--icon-3\" tabindex=\"-1\"><i title=\"Expand\">Expand<\/i><\/a>\n\t\t\t\t\t<p>\u00a1S\u00ed!, prestamos servicios de marketing en todo el mundo. Nuestro experimentado equipo habla ingl\u00e9s y espa\u00f1ol con fluidez, lo que garantiza que podamos ofrecerte las soluciones de marketing que necesitas.<\/p>\n\t\t\t\t\t<a href=\"#\" id=\"fl-accordion--label-4\" tabindex=\"0\" aria-controls=\"fl-accordion--panel-4\">05. \u00bfC\u00f3mo adquiero un dominio o un servicio de alojamiento?<\/a>\n\t\t\t\t\t\t\t\t\t\t\t<a href=\"#\" id=\"fl-accordion--icon-4\" tabindex=\"-1\"><i title=\"Expand\">Expand<\/i><\/a>\n\t\t\t\t\t<p>Visita nuestra p\u00e1gina de <a href=\"https:\/\/izalcorp.com\/es\/obten-tu-dominio-y-servicios-de-alojamiento\/\">servicios de dominio y alojamiento<\/a> en el men\u00fa del sitio web. Si necesitas ayuda, estamos aqu\u00ed para guiarte en el proceso y mejorar estos servicios con nuestra experiencia en marketing.<\/p>\n\t\t\t\t\t<a href=\"#\" id=\"fl-accordion--label-5\" tabindex=\"0\" aria-controls=\"fl-accordion--panel-5\">06. \u00bfCon qu\u00e9 tipo de industrias trabajamos?<\/a>\n\t\t\t\t\t\t\t\t\t\t\t<a href=\"#\" id=\"fl-accordion--icon-5\" tabindex=\"-1\"><i title=\"Expand\">Expand<\/i><\/a>\n\t\t\t\t\t<p>Trabajamos con todo tipo de industrias, incluidos empresarios y PYME. Desde la creaci\u00f3n de estrategias hasta la publicidad y m\u00e1s all\u00e1, ayudamos a crear soluciones impactantes para diversas marcas. Comparte tu sector con nosotros y juntos encontraremos las soluciones adecuadas para impulsar el crecimiento.<\/p>\n\n","protected":false},"excerpt":{"rendered":"<p>Servicios NUESTROS SERVICIOS Nunca es demasiado tarde para encontrar lo que te conviene Estrategias de Marketing An\u00e1lisis Empresarial Estudios de Mercado Plan de Empresa Estrategia Log\u00edstica Estrategias de Ventas Seguimiento y Control Desarrollo Web Desarrollo de p\u00e1ginas web Dise\u00f1o de p\u00e1ginas web Prototipo de p\u00e1ginas web Optimizaci\u00f3n de p\u00e1ginas web Dominios y alojamiento web Mantenimiento&hellip;<\/p>\n","protected":false},"author":2,"featured_media":0,"parent":0,"menu_order":0,"comment_status":"closed","ping_status":"closed","template":"","meta":{"_themeisle_gutenberg_block_has_review":false,"footnotes":""},"class_list":["post-5138","page","type-page","status-publish","hentry"],"yoast_head":"<!-- This site is optimized with the Yoast SEO plugin v27.4 - https:\/\/yoast.com\/product\/yoast-seo-wordpress\/ -->\n<title>Servicios | Izalcorp<\/title>\n<meta name=\"description\" content=\"Estrategias de marketing, Desarrollo web, Redes sociales, Estrategia digital, Dise\u00f1o Gr\u00e1fico, Marca, Servicio de Ingenier\u00eda\" \/>\n<meta name=\"robots\" content=\"index, follow, max-snippet:-1, max-image-preview:large, max-video-preview:-1\" \/>\n<link rel=\"canonical\" href=\"https:\/\/izalcorp.com\/es\/servicios\/\" \/>\n<meta property=\"og:locale\" content=\"es_ES\" \/>\n<meta property=\"og:type\" content=\"article\" \/>\n<meta property=\"og:title\" content=\"Servicios | Izalcorp\" \/>\n<meta property=\"og:description\" content=\"Estrategias de marketing, Desarrollo web, Redes sociales, Estrategia digital, Dise\u00f1o Gr\u00e1fico, Marca, Servicio de Ingenier\u00eda\" \/>\n<meta property=\"og:url\" content=\"https:\/\/izalcorp.com\/es\/servicios\/\" \/>\n<meta property=\"og:site_name\" content=\"Izalcorp\" \/>\n<meta property=\"article:publisher\" content=\"https:\/\/www.facebook.com\/izalcorp\/\" \/>\n<meta property=\"article:modified_time\" content=\"2025-01-16T20:04:38+00:00\" \/>\n<meta property=\"og:image\" content=\"https:\/\/izalcorp.com\/wp-content\/uploads\/2024\/12\/schedule1.png\" \/>\n<meta name=\"twitter:card\" content=\"summary_large_image\" \/>\n<meta name=\"twitter:site\" content=\"@izalcorp\" \/>\n<meta name=\"twitter:label1\" content=\"Tiempo de lectura\" \/>\n\t<meta name=\"twitter:data1\" content=\"3 minutos\" \/>\n<script type=\"application\/ld+json\" class=\"yoast-schema-graph\">{\"@context\":\"https:\\\/\\\/schema.org\",\"@graph\":[{\"@type\":\"WebPage\",\"@id\":\"https:\\\/\\\/izalcorp.com\\\/es\\\/servicios\\\/\",\"url\":\"https:\\\/\\\/izalcorp.com\\\/es\\\/servicios\\\/\",\"name\":\"Servicios | Izalcorp\",\"isPartOf\":{\"@id\":\"https:\\\/\\\/izalcorp.com\\\/es\\\/#website\"},\"primaryImageOfPage\":{\"@id\":\"https:\\\/\\\/izalcorp.com\\\/es\\\/servicios\\\/#primaryimage\"},\"image\":{\"@id\":\"https:\\\/\\\/izalcorp.com\\\/es\\\/servicios\\\/#primaryimage\"},\"thumbnailUrl\":\"https:\\\/\\\/izalcorp.com\\\/wp-content\\\/uploads\\\/2024\\\/12\\\/schedule1.png\",\"datePublished\":\"2024-12-02T21:06:12+00:00\",\"dateModified\":\"2025-01-16T20:04:38+00:00\",\"description\":\"Estrategias de marketing, Desarrollo web, Redes sociales, Estrategia digital, Dise\u00f1o Gr\u00e1fico, Marca, Servicio de Ingenier\u00eda\",\"breadcrumb\":{\"@id\":\"https:\\\/\\\/izalcorp.com\\\/es\\\/servicios\\\/#breadcrumb\"},\"inLanguage\":\"es\",\"potentialAction\":[{\"@type\":\"ReadAction\",\"target\":[\"https:\\\/\\\/izalcorp.com\\\/es\\\/servicios\\\/\"]}]},{\"@type\":\"ImageObject\",\"inLanguage\":\"es\",\"@id\":\"https:\\\/\\\/izalcorp.com\\\/es\\\/servicios\\\/#primaryimage\",\"url\":\"https:\\\/\\\/izalcorp.com\\\/wp-content\\\/uploads\\\/2024\\\/12\\\/schedule1.png\",\"contentUrl\":\"https:\\\/\\\/izalcorp.com\\\/wp-content\\\/uploads\\\/2024\\\/12\\\/schedule1.png\"},{\"@type\":\"BreadcrumbList\",\"@id\":\"https:\\\/\\\/izalcorp.com\\\/es\\\/servicios\\\/#breadcrumb\",\"itemListElement\":[{\"@type\":\"ListItem\",\"position\":1,\"name\":\"Home\",\"item\":\"https:\\\/\\\/izalcorp.com\\\/es\\\/\"},{\"@type\":\"ListItem\",\"position\":2,\"name\":\"Servicios\"}]},{\"@type\":\"WebSite\",\"@id\":\"https:\\\/\\\/izalcorp.com\\\/es\\\/#website\",\"url\":\"https:\\\/\\\/izalcorp.com\\\/es\\\/\",\"name\":\"Izalcorp\",\"description\":\"Creative minds, creative works\",\"publisher\":{\"@id\":\"https:\\\/\\\/izalcorp.com\\\/es\\\/#organization\"},\"alternateName\":\"Izalco Corporate Services\",\"potentialAction\":[{\"@type\":\"SearchAction\",\"target\":{\"@type\":\"EntryPoint\",\"urlTemplate\":\"https:\\\/\\\/izalcorp.com\\\/es\\\/?s={search_term_string}\"},\"query-input\":{\"@type\":\"PropertyValueSpecification\",\"valueRequired\":true,\"valueName\":\"search_term_string\"}}],\"inLanguage\":\"es\"},{\"@type\":\"Organization\",\"@id\":\"https:\\\/\\\/izalcorp.com\\\/es\\\/#organization\",\"name\":\"Izalcorp\",\"alternateName\":\"Izalco Corporate Services\",\"url\":\"https:\\\/\\\/izalcorp.com\\\/es\\\/\",\"logo\":{\"@type\":\"ImageObject\",\"inLanguage\":\"es\",\"@id\":\"https:\\\/\\\/izalcorp.com\\\/es\\\/#\\\/schema\\\/logo\\\/image\\\/\",\"url\":\"https:\\\/\\\/izalcorp.com\\\/wp-content\\\/uploads\\\/2022\\\/03\\\/logo-320px.png\",\"contentUrl\":\"https:\\\/\\\/izalcorp.com\\\/wp-content\\\/uploads\\\/2022\\\/03\\\/logo-320px.png\",\"width\":320,\"height\":180,\"caption\":\"Izalcorp\"},\"image\":{\"@id\":\"https:\\\/\\\/izalcorp.com\\\/es\\\/#\\\/schema\\\/logo\\\/image\\\/\"},\"sameAs\":[\"https:\\\/\\\/www.facebook.com\\\/izalcorp\\\/\",\"https:\\\/\\\/x.com\\\/izalcorp\",\"https:\\\/\\\/www.instagram.com\\\/izalcorp\\\/\",\"https:\\\/\\\/www.linkedin.com\\\/company\\\/izalcorp-services\\\/\"]}]}<\/script>\n<!-- \/ Yoast SEO plugin. -->","yoast_head_json":{"title":"Servicios | Izalcorp","description":"Estrategias de marketing, Desarrollo web, Redes sociales, Estrategia digital, Dise\u00f1o Gr\u00e1fico, Marca, Servicio de Ingenier\u00eda","robots":{"index":"index","follow":"follow","max-snippet":"max-snippet:-1","max-image-preview":"max-image-preview:large","max-video-preview":"max-video-preview:-1"},"canonical":"https:\/\/izalcorp.com\/es\/servicios\/","og_locale":"es_ES","og_type":"article","og_title":"Servicios | Izalcorp","og_description":"Estrategias de marketing, Desarrollo web, Redes sociales, Estrategia digital, Dise\u00f1o Gr\u00e1fico, Marca, Servicio de Ingenier\u00eda","og_url":"https:\/\/izalcorp.com\/es\/servicios\/","og_site_name":"Izalcorp","article_publisher":"https:\/\/www.facebook.com\/izalcorp\/","article_modified_time":"2025-01-16T20:04:38+00:00","og_image":[{"url":"https:\/\/izalcorp.com\/wp-content\/uploads\/2024\/12\/schedule1.png","type":"","width":"","height":""}],"twitter_card":"summary_large_image","twitter_site":"@izalcorp","twitter_misc":{"Tiempo de lectura":"3 minutos"},"schema":{"@context":"https:\/\/schema.org","@graph":[{"@type":"WebPage","@id":"https:\/\/izalcorp.com\/es\/servicios\/","url":"https:\/\/izalcorp.com\/es\/servicios\/","name":"Servicios | Izalcorp","isPartOf":{"@id":"https:\/\/izalcorp.com\/es\/#website"},"primaryImageOfPage":{"@id":"https:\/\/izalcorp.com\/es\/servicios\/#primaryimage"},"image":{"@id":"https:\/\/izalcorp.com\/es\/servicios\/#primaryimage"},"thumbnailUrl":"https:\/\/izalcorp.com\/wp-content\/uploads\/2024\/12\/schedule1.png","datePublished":"2024-12-02T21:06:12+00:00","dateModified":"2025-01-16T20:04:38+00:00","description":"Estrategias de marketing, Desarrollo web, Redes sociales, Estrategia digital, Dise\u00f1o Gr\u00e1fico, Marca, Servicio de Ingenier\u00eda","breadcrumb":{"@id":"https:\/\/izalcorp.com\/es\/servicios\/#breadcrumb"},"inLanguage":"es","potentialAction":[{"@type":"ReadAction","target":["https:\/\/izalcorp.com\/es\/servicios\/"]}]},{"@type":"ImageObject","inLanguage":"es","@id":"https:\/\/izalcorp.com\/es\/servicios\/#primaryimage","url":"https:\/\/izalcorp.com\/wp-content\/uploads\/2024\/12\/schedule1.png","contentUrl":"https:\/\/izalcorp.com\/wp-content\/uploads\/2024\/12\/schedule1.png"},{"@type":"BreadcrumbList","@id":"https:\/\/izalcorp.com\/es\/servicios\/#breadcrumb","itemListElement":[{"@type":"ListItem","position":1,"name":"Home","item":"https:\/\/izalcorp.com\/es\/"},{"@type":"ListItem","position":2,"name":"Servicios"}]},{"@type":"WebSite","@id":"https:\/\/izalcorp.com\/es\/#website","url":"https:\/\/izalcorp.com\/es\/","name":"Izalcorp","description":"Creative minds, creative works","publisher":{"@id":"https:\/\/izalcorp.com\/es\/#organization"},"alternateName":"Izalco Corporate Services","potentialAction":[{"@type":"SearchAction","target":{"@type":"EntryPoint","urlTemplate":"https:\/\/izalcorp.com\/es\/?s={search_term_string}"},"query-input":{"@type":"PropertyValueSpecification","valueRequired":true,"valueName":"search_term_string"}}],"inLanguage":"es"},{"@type":"Organization","@id":"https:\/\/izalcorp.com\/es\/#organization","name":"Izalcorp","alternateName":"Izalco Corporate Services","url":"https:\/\/izalcorp.com\/es\/","logo":{"@type":"ImageObject","inLanguage":"es","@id":"https:\/\/izalcorp.com\/es\/#\/schema\/logo\/image\/","url":"https:\/\/izalcorp.com\/wp-content\/uploads\/2022\/03\/logo-320px.png","contentUrl":"https:\/\/izalcorp.com\/wp-content\/uploads\/2022\/03\/logo-320px.png","width":320,"height":180,"caption":"Izalcorp"},"image":{"@id":"https:\/\/izalcorp.com\/es\/#\/schema\/logo\/image\/"},"sameAs":["https:\/\/www.facebook.com\/izalcorp\/","https:\/\/x.com\/izalcorp","https:\/\/www.instagram.com\/izalcorp\/","https:\/\/www.linkedin.com\/company\/izalcorp-services\/"]}]}},"_links":{"self":[{"href":"https:\/\/izalcorp.com\/es\/wp-json\/wp\/v2\/pages\/5138","targetHints":{"allow":["GET"]}}],"collection":[{"href":"https:\/\/izalcorp.com\/es\/wp-json\/wp\/v2\/pages"}],"about":[{"href":"https:\/\/izalcorp.com\/es\/wp-json\/wp\/v2\/types\/page"}],"author":[{"embeddable":true,"href":"https:\/\/izalcorp.com\/es\/wp-json\/wp\/v2\/users\/2"}],"replies":[{"embeddable":true,"href":"https:\/\/izalcorp.com\/es\/wp-json\/wp\/v2\/comments?post=5138"}],"version-history":[{"count":14,"href":"https:\/\/izalcorp.com\/es\/wp-json\/wp\/v2\/pages\/5138\/revisions"}],"predecessor-version":[{"id":5395,"href":"https:\/\/izalcorp.com\/es\/wp-json\/wp\/v2\/pages\/5138\/revisions\/5395"}],"wp:attachment":[{"href":"https:\/\/izalcorp.com\/es\/wp-json\/wp\/v2\/media?parent=5138"}],"curies":[{"name":"wp","href":"https:\/\/api.w.org\/{rel}","templated":true}]}}